{"id":9,"date":"2009-10-07T09:22:39","date_gmt":"2009-10-07T12:22:39","guid":{"rendered":"http:\/\/www.ental.com.br\/?page_id=9"},"modified":"2025-08-01T10:55:27","modified_gmt":"2025-08-01T13:55:27","slug":"sobre-a-ental","status":"publish","type":"page","link":"https:\/\/www.ental.com.br\/","title":{"rendered":"Sobre a ENTAL"},"content":{"rendered":"<p style=\"text-align: center;\"><img loading=\"lazy\" decoding=\"async\" class=\"aligncenter size-full wp-image-456\" style=\"font-style: italic; font-family: Arial;\" title=\"logo Ental\" src=\"http:\/\/www.ental.com.br\/wp-content\/uploads\/2009\/10\/logo-Ental1.GIF\" alt=\"logo Ental\" width=\"503\" height=\"264\" srcset=\"https:\/\/www.ental.com.br\/wp-content\/uploads\/2009\/10\/logo-Ental1.GIF 699w, https:\/\/www.ental.com.br\/wp-content\/uploads\/2009\/10\/logo-Ental1-300x157.GIF 300w\" sizes=\"auto, (max-width: 503px) 100vw, 503px\" \/><\/p>\n<p style=\"text-align: center;\"><strong>APRESENTA\u00c7\u00c3O DA EMPRESA<\/strong><\/p>\n<p>A\u00a0<strong>ENTAL<\/strong> Consultoria Ambiental, Seguran\u00e7a e Sa\u00fade do Trabalho Ltda., \u00e9 uma empresa especializada em Seguran\u00e7a e Sa\u00fade Ocupacional, devidamente habilitada pelo Conselho Federal de Engenharia e Medicina, Justi\u00e7a e Minist\u00e9rio do Trabalho e Minist\u00e9rio do Meio Ambiente, atuando no mercado desde 1998.<\/p>\n<p>Sua\u00a0<strong>miss\u00e3o<\/strong> \u00e9 adotar a\u00e7\u00f5es que permitam \u00e0s pessoas uma melhor Qualidade de Vida no trabalho.<\/p>\n<p>Tem como\u00a0<strong>estrat\u00e9gia de a\u00e7\u00e3o<\/strong>, oferecer aos seus clientes um Sistema de Gest\u00e3o de Seguran\u00e7a e Sa\u00fade Ocupacional, agregando-lhes benef\u00edcios como a redu\u00e7\u00e3o de custos operacionais e melhorias no meio ambiente, no ambiente de trabalho, na produtividade<br \/>\ne na imagem institucional, cumprindo as exig\u00eancias legais.<\/p>\n<p style=\"text-align: center;\">\n","protected":false},"excerpt":{"rendered":"<p>APRESENTA\u00c7\u00c3O DA EMPRESA A\u00a0ENTAL Consultoria Ambiental, Seguran\u00e7a e Sa\u00fade do Trabalho Ltda., \u00e9 uma empresa especializada em Seguran\u00e7a e Sa\u00fade Ocupacional, devidamente habilitada pelo Conselho Federal de Engenharia e Medicina, Justi\u00e7a e Minist\u00e9rio do Trabalho e Minist\u00e9rio do Meio Ambiente, atuando no mercado desde 1998. Sua\u00a0miss\u00e3o \u00e9 adotar a\u00e7\u00f5es que permitam \u00e0s pessoas uma melhor [&hellip;]<\/p>\n","protected":false},"author":1,"featured_media":0,"parent":0,"menu_order":1,"comment_status":"closed","ping_status":"open","template":"","meta":{"footnotes":""},"class_list":["post-9","page","type-page","status-publish","hentry"],"_links":{"self":[{"href":"https:\/\/www.ental.com.br\/index.php?rest_route=\/wp\/v2\/pages\/9","targetHints":{"allow":["GET"]}}],"collection":[{"href":"https:\/\/www.ental.com.br\/index.php?rest_route=\/wp\/v2\/pages"}],"about":[{"href":"https:\/\/www.ental.com.br\/index.php?rest_route=\/wp\/v2\/types\/page"}],"author":[{"embeddable":true,"href":"https:\/\/www.ental.com.br\/index.php?rest_route=\/wp\/v2\/users\/1"}],"replies":[{"embeddable":true,"href":"https:\/\/www.ental.com.br\/index.php?rest_route=%2Fwp%2Fv2%2Fcomments&post=9"}],"version-history":[{"count":57,"href":"https:\/\/www.ental.com.br\/index.php?rest_route=\/wp\/v2\/pages\/9\/revisions"}],"predecessor-version":[{"id":602,"href":"https:\/\/www.ental.com.br\/index.php?rest_route=\/wp\/v2\/pages\/9\/revisions\/602"}],"wp:attachment":[{"href":"https:\/\/www.ental.com.br\/index.php?rest_route=%2Fwp%2Fv2%2Fmedia&parent=9"}],"curies":[{"name":"wp","href":"https:\/\/api.w.org\/{rel}","templated":true}]}}