{"id":122,"date":"2009-10-13T11:05:27","date_gmt":"2009-10-13T14:05:27","guid":{"rendered":"http:\/\/www.ental.com.br\/?page_id=122"},"modified":"2023-08-09T15:33:55","modified_gmt":"2023-08-09T18:33:55","slug":"staff","status":"publish","type":"page","link":"https:\/\/www.ental.com.br\/?page_id=122","title":{"rendered":"Dire\u00e7\u00e3o"},"content":{"rendered":"<p style=\"text-align: center;\"><img loading=\"lazy\" decoding=\"async\" class=\"size-thumbnail wp-image-479  aligncenter\" title=\"Renee\" src=\"http:\/\/www.ental.com.br\/wp-content\/uploads\/2009\/10\/renee-e-150x150.png\" alt=\"Renee\" width=\"150\" height=\"150\" \/><\/p>\n<div>\n<p style=\"background-image: initial; background-position: initial; background-size: initial; background-repeat: initial; background-attachment: initial; background-origin: initial; background-clip: initial; margin: 0cm 0cm 11.25pt; text-align: center;\" align=\"center\"><strong><span style=\"font-size: 10pt; font-family: Arial, sans-serif;\">Dire\u00e7\u00e3o &#8211; Renee Joenk<\/span><\/strong><\/p>\n<p style=\"background-image: initial; background-position: initial; background-size: initial; background-repeat: initial; background-attachment: initial; background-origin: initial; background-clip: initial; margin: 0cm 0cm 11.25pt; text-align: justify;\"><span style=\"font-size: 10pt; font-family: Arial, sans-serif;\">Diretor e Respons\u00e1vel T\u00e9cnico da ENTAL, com viv\u00eancia de 30 anos na \u00e1rea de Consultoria.<\/span><\/p>\n<p style=\"background-image: initial; background-position: initial; background-size: initial; background-repeat: initial; background-attachment: initial; background-origin: initial; background-clip: initial; margin: 0cm 0cm 11.25pt; text-align: justify;\"><span style=\"font-size: 10pt; font-family: Arial, sans-serif;\">Atua em auditorias, fiscaliza\u00e7\u00f5es, perito assistente em reclamat\u00f3rias trabalhistas.<\/span><\/p>\n<p style=\"background-image: initial; background-position: initial; background-size: initial; background-repeat: initial; background-attachment: initial; background-origin: initial; background-clip: initial; margin: 0cm 0cm 11.25pt; text-align: justify;\"><span style=\"font-size: 10pt; font-family: Arial, sans-serif;\">Especialista nas documenta\u00e7\u00f5es e orienta\u00e7\u00f5es nas Adequa\u00e7\u00f5es de M\u00e1quinas e Equipamentos, Higiene Ocupacional, Ergonomia, Preven\u00e7\u00e3o de Inc\u00eandio, Abandono de \u00c1rea, Primeiros Socorros, Treinamentos e desenvolvimento de Projetos de Seguran\u00e7a.<\/span><\/p>\n<\/div>\n","protected":false},"excerpt":{"rendered":"<p>Dire\u00e7\u00e3o &#8211; Renee Joenk Diretor e Respons\u00e1vel T\u00e9cnico da ENTAL, com viv\u00eancia de 30 anos na \u00e1rea de Consultoria. Atua em auditorias, fiscaliza\u00e7\u00f5es, perito assistente em reclamat\u00f3rias trabalhistas. Especialista nas documenta\u00e7\u00f5es e orienta\u00e7\u00f5es nas Adequa\u00e7\u00f5es de M\u00e1quinas e Equipamentos, Higiene Ocupacional, Ergonomia, Preven\u00e7\u00e3o de Inc\u00eandio, Abandono de \u00c1rea, Primeiros Socorros, Treinamentos e desenvolvimento de Projetos [&hellip;]<\/p>\n","protected":false},"author":1,"featured_media":0,"parent":0,"menu_order":1,"comment_status":"closed","ping_status":"open","template":"","meta":{"footnotes":""},"class_list":["post-122","page","type-page","status-publish","hentry"],"_links":{"self":[{"href":"https:\/\/www.ental.com.br\/index.php?rest_route=\/wp\/v2\/pages\/122","targetHints":{"allow":["GET"]}}],"collection":[{"href":"https:\/\/www.ental.com.br\/index.php?rest_route=\/wp\/v2\/pages"}],"about":[{"href":"https:\/\/www.ental.com.br\/index.php?rest_route=\/wp\/v2\/types\/page"}],"author":[{"embeddable":true,"href":"https:\/\/www.ental.com.br\/index.php?rest_route=\/wp\/v2\/users\/1"}],"replies":[{"embeddable":true,"href":"https:\/\/www.ental.com.br\/index.php?rest_route=%2Fwp%2Fv2%2Fcomments&post=122"}],"version-history":[{"count":25,"href":"https:\/\/www.ental.com.br\/index.php?rest_route=\/wp\/v2\/pages\/122\/revisions"}],"predecessor-version":[{"id":129,"href":"https:\/\/www.ental.com.br\/index.php?rest_route=\/wp\/v2\/pages\/122\/revisions\/129"}],"wp:attachment":[{"href":"https:\/\/www.ental.com.br\/index.php?rest_route=%2Fwp%2Fv2%2Fmedia&parent=122"}],"curies":[{"name":"wp","href":"https:\/\/api.w.org\/{rel}","templated":true}]}}